{"id":22220,"date":"2014-03-12T17:28:57","date_gmt":"2014-03-12T16:28:57","guid":{"rendered":"https:\/\/alainbauerconseil.com\/references-2\/"},"modified":"2014-05-16T16:02:03","modified_gmt":"2014-05-16T15:02:03","slug":"references","status":"publish","type":"page","link":"https:\/\/alainbauerconseil.com\/es\/references\/","title":{"rendered":"R\u00e9f\u00e9rences"},"content":{"rendered":"<div id=\"recentree\">\n<p style=\"text-align: justify;\">Accor \u2022 Banque Postale \u2022 La Poste \u2022 ADP \u2022 ADIT \u2022 ALLIANZ \u2022 Renault \u2022 Lafarge \u2022 Galeries Lafayette \u2022 Orange \u2022 Cour des Comptes Paris \u2022 Carrefour \u2022 Tikehau \u2022 Viel \u2022 Ycap \u2022 Suez Environnement \u2022 LFDJ \u2022 Moet Hennessy \u2022 Alcatel Monde \u2022 Caisse Nationale des Caisses d&#8217;Epargne \u2022 SODEXHO \u2022 SOGERES \u2022 Banques Populaires France \u2022 Metro\u2022 Oberthur \u2022 EuroDisney Paris \u2022 SANOFI Monde \u2022 Total \u2022 Apax \u2022 Veolia \u2022 EADS \u2022 AXA\u2022 ALTRAN France \u2022 ALTRAN Italie \u2022 Areva \u2022 AON \u2022 EDF \u2022 Havas EuroRSCG \u2022 Natixis \u2022 Tellos \u2022 Saur \u2022 Nexity \u2022 Safran \u2022 Servair \u2022 Samsung \u2022 BUT \u2022 SICPA \u2022 &#8230;<\/p>\n<p style=\"text-align: justify;\">CNIT Paris La D\u00e9fense \u2022 Colline de l&#8217;Automobile Paris La D\u00e9fense \u2022 Carrousel du Louvre Paris \u2022 Foire Internationale de Marseille \u2022 Cit\u00e9 Mondiale de Bordeaux \u2022 Groupe SARI France \u2022 Tour Pacific (Usinor Sacilor) Paris La D\u00e9fense \u2022 Parking Coupole Charenton \u2022 EMGP Paris \u2022 SAN de Fos \u2022 MNEF Gentilly \u2022 Immeuble Doumer (Indosuez) Paris La D\u00e9fense \u2022 Groupe SMAT (Trasnports) Mulhouse \u2022 Tour Porte de l&#8217;Esplanade Paris La D\u00e9fense \u2022 RATP Si\u00e8ge Paris \u2022 Immeuble Belv\u00e9d\u00e8re Paris La D\u00e9fense \u2022 Tour Ariane Paris La D\u00e9fense \u2022 Ville de Ris Orangis \u2022 Conseil G\u00e9n\u00e9ral de la Gironde \u2022 Groupe ALSER Saint Cloud \u2022 OPHLM de Puteaux \u2022 Alcatel Paris \u2022 SCIC HLM \u2022 Tour SFR Paris La D\u00e9fense \u2022 Maison de la RATP Paris \u2022 Royal H\u00f4tel Casino Mandelieu \u2022 LVMH France \u2022 Cartier France \u2022 Van Cleef &amp; Arpels France \u2022 P\u00f4le Universitaire L\u00e9onard de Vinci \u2022 SA HLM La Maison Girondine Bordeaux \u2022 Unedic Paris \u2022 HMP Marseille \u2022 SEM Ville renouvel\u00e9e Roubaix \u2022 Alcatel CIT T OPHLM de Clichy \u2022 Logicil Tourcoing \u2022 CUS Habitat Strasbourg \u2022 Palais des Congr\u00e8s de Versailles \u2022 Logement Fran\u00e7ais \u2022 SIDR la R\u00e9union \u2022 Palais des Congr\u00e8s de Paris \u2022 Ville de Cayenne \u2022 SIEMP Paris \u2022 D\u00e9fense Plaza Paris la D\u00e9fense \u2022 Doublon Paris la D\u00e9fense \u2022 Lido Paris \u2022 France Televisions (Si\u00e8ge) Paris \u2022 Croix Catelan Paris \u2022 Metro (si\u00e8ge, Magasins, Entrep\u00f4ts France) \u2022 AIRBUS Toulouse \u2022 AIRBUS Allemagne \u2022 AIRBUS Grande Bretagne \u2022 AIRBUS Espagne \u2022 EADS Si\u00e8ge \u2022 H\u00f4tel Plaza Ath\u00e9n\u00e9e \u2013 Paris \u2022 H\u00f4tel Meurice \u2013 Paris \u2022 H\u00f4tel Prince de Savoie \u2013 Milan \u2022 Dorchester Group&#8230;<\/p>\n<p style=\"text-align: justify;\">SARP France \u2022 Marseille Ste Marthe (eau) \u2022 Toulouse Clairfont (eau) \u2022 Toulouse Pech David (eau) \u2022 Portet sur Garonne (eau) \u2022 Toulouse Exhaure (eau) \u2022 Marseille Montfuron (eau)\u2022Lille Mont de Terre (Thermique)\u2022Lyon Lafayette (Thermique)\u2022Lyon Croix Luzet (eau)\u2022Lyon Crepieux (eau)\u2022Lyon Velette (eau)\u2022Lyon La Pape (eau)\u2022Lyon Part Dieu (thermique)\u2022Mery sur Oise (eau)\u2022Neuilly sur Marne (eau)\u2022Fos (D\u00e9chets)\u2022Rognac (D\u00e9chets)\u2022Limay (D\u00e9chets) \u2022SEDIF Syndicat des Eaux d&#8217;Ile de France &amp; \u2022US FILTERS USA\u2022Sauget (D\u00e9chets) Missouri (USA)\u2022Jupiter Island (eau) Floride (USA)\u2022Port Arthur (d\u00e9chets) Texas (USA)\u2022Oklahoma City (eau) Oklahoma (USA)\u2022Naugatuck (eau) Connecticut (USA)\u2022 United Water (US)\u2022Haworth Water (eau) New Jersey (USA)\u2022Boise Water (eau) Idaho (USA)\u2022Indianapolis Waste Water (eau) Indiana (USA)&#8230;<\/p>\n<p style=\"text-align: justify;\">Ville de Puteaux \u2022 Ville de Vitrolles \u2022 Ville de Conflans-Sainte-Honorine \u2022 Ville d&#8217;Athis-Mons \u2022 Ville d&#8217;Istres\u00a0 \u2022Pr\u00e9fecture du Nord \u2022 Ville d&#8217;Angers \u2022 Ville de Colombes \u2022 Ville de Roubaix \u2022 Ville de Lille \u2022 Ville de Clichy \u2022 Ville de Perpignan \u2022 Ville de Cergy \u2022 Ville de Tourcoing \u2022 Ville de Bourges \u2022 EPAD Paris La D\u00e9fense \u2022 Ville de Grand Quevilly \u2022 SA HLM Grand Quevilly\u00a0 \u2022Ville de Grenoble \u2022 Ville d&#8217;Auxerre \u2022 Ville de Roanne \u2022 Communaut\u00e9 urbaine de Lille \u2022 Ville de Juvisy \u2022 Ville de Nancy \u2022 Ville de Paray-Vieille-Poste \u2022 Ville de Hem \u2022 Communaut\u00e9 Urbaine du Grand Nancy \u2022 Ville de Villeneuve d&#8217;Ascq \u2022 GIE Villes et Quartiers \u2022 Ville de Fos \u2022 Conseil G\u00e9n\u00e9ral de la C\u00f4te d&#8217;Or \u2022 Ville de Laxou \u2022 Ville de Fontenay aux Roses \u2022 Ville d&#8217;Epinay sous S\u00e9nart \u2022 Ville de Quincy sous S\u00e9nart \u2022 Ville de Boussy Saint-Antoine \u2022 Ville de Brunoy \u2022 Conseil R\u00e9gional de la R\u00e9union &#8230;<\/p>\n<p style=\"text-align: justify;\">Institut des Hautes Etudes de la S\u00e9curit\u00e9 Int\u00e9rieure IHESI \u2022 INHESJ \u2022 Conseil G\u00e9n\u00e9ral des Hauts de Seine \u2022 Pr\u00e9fecture de Police Paris \u2022 Congr\u00e8s International Olympique \u2022 Lille 2004 JO \u2022 GIP Rugby 2007 \u2022 GIP JO PARIS 2012 \u2022 PSG Paris&#8230;<\/p>\n<p style=\"text-align: justify;\">Communaut\u00e9 Urbaine de Strasbourg Transports \u2022 RATP \u00abCoeur Transports\u00bb Paris La D\u00e9fense \u2022 Communaut\u00e9 Urbaine du Grand Nancy Transports \u2022 Bateaux Parisiens Paris \u2022 SNCF Ile de France Transports\u2022 RATP \u2022 SNCF \u2022 Conseil R\u00e9gional d&#8217;Ile de France \u2022 R\u00e9seau de transports de Boston MBCR Massachusets (USA) \u2022 R\u00e9seau ferr\u00e9 de Los Angel\u00e8s Metrolink Californie (USA) \u2022 R\u00e9seau de transport de Las Vegas CAT Nevada (USA) \u2022 R\u00e9seau de transport de Foothill Californie (USA) \u2022 R\u00e9seau de transport de Phoenix Tempe Mesa Arizona (USA) \u2022 R\u00e9seau de transport de Melbourne (Australie) \u2022 R\u00e9seau de transport de Sydney (Australie) \u2022 R\u00e9seau de transport d&#8217;Auckland (Nouvelle-Z\u00e9lande)&#8230;<\/p>\n<p style=\"text-align: justify;\">CNAM \u2022 Universit\u00e9s de Paris I, Paris II, Paris V \u2022 IEP de Paris \u2022 Sorbonne \u2022 Association des Maires de Grandes Villes \u2022 CNPP \u2022 IFMO \u2022 CNFPT \u2022 ASIS \u2022 APSIGHE \u2022 CEN \u2022 Minist\u00e8re de l&#8217;Int\u00e9rieur \u2022 Ecole Nationale de la Magistrature (formation permanente) \u2022 Gendarmerie Nationale (CESG-CNFPJ) \u2022 IACP \u2022 IERSE\u00a0 \u2022University of New York \u2022 FEMA \u2022 Association des Maires de France \u2022 Coll\u00e8ge europ\u00e9en de police (CEPOL) \u2022 John Jay College of Criminal Justice (New York) \u2022 INHESJ \u2022 Universit\u00e9 Paris II \u2022<\/p>\n<\/div>\n","protected":false},"excerpt":{"rendered":"<p>Accor \u2022 Banque Postale \u2022 La Poste \u2022 ADP \u2022 ADIT \u2022 ALLIANZ \u2022 Renault \u2022 Lafarge \u2022 Galeries Lafayette \u2022 Orange \u2022 Cour des Comptes Paris \u2022 Carrefour \u2022 Tikehau \u2022 Viel \u2022 Ycap \u2022 Suez Environnement \u2022 LFDJ \u2022 Moet Hennessy \u2022 Alcatel Monde \u2022 Caisse Nationale des Caisses d&#8217;Epargne \u2022 SODEXHO \u2022 [&hellip;]<\/p>\n","protected":false},"author":1,"featured_media":0,"parent":0,"menu_order":0,"comment_status":"open","ping_status":"closed","template":"","meta":{"footnotes":""},"class_list":["post-22220","page","type-page","status-publish","hentry"],"aioseo_notices":[],"_links":{"self":[{"href":"https:\/\/alainbauerconseil.com\/es\/wp-json\/wp\/v2\/pages\/22220","targetHints":{"allow":["GET"]}}],"collection":[{"href":"https:\/\/alainbauerconseil.com\/es\/wp-json\/wp\/v2\/pages"}],"about":[{"href":"https:\/\/alainbauerconseil.com\/es\/wp-json\/wp\/v2\/types\/page"}],"author":[{"embeddable":true,"href":"https:\/\/alainbauerconseil.com\/es\/wp-json\/wp\/v2\/users\/1"}],"replies":[{"embeddable":true,"href":"https:\/\/alainbauerconseil.com\/es\/wp-json\/wp\/v2\/comments?post=22220"}],"version-history":[{"count":6,"href":"https:\/\/alainbauerconseil.com\/es\/wp-json\/wp\/v2\/pages\/22220\/revisions"}],"predecessor-version":[{"id":22943,"href":"https:\/\/alainbauerconseil.com\/es\/wp-json\/wp\/v2\/pages\/22220\/revisions\/22943"}],"wp:attachment":[{"href":"https:\/\/alainbauerconseil.com\/es\/wp-json\/wp\/v2\/media?parent=22220"}],"curies":[{"name":"wp","href":"https:\/\/api.w.org\/{rel}","templated":true}]}}