{"id":22706,"date":"2014-04-11T15:56:50","date_gmt":"2014-04-11T14:56:50","guid":{"rendered":"https:\/\/alainbauerconseil.com\/home-2\/"},"modified":"2022-03-31T19:45:36","modified_gmt":"2022-03-31T18:45:36","slug":"home","status":"publish","type":"page","link":"https:\/\/alainbauerconseil.com\/ar\/","title":{"rendered":"Home"},"content":{"rendered":"<h1 style=\"text-align: center;\"><span style=\"font-size: xx-large; color: #000cba;\">Strat\u00e9gie \u2022 S\u00e9curit\u00e9 \u2022 Gestion de crise<\/span><\/h1>\n<hr class=\"hr-2\" \/>\n<h2 style=\"text-align: center;\"><span style=\"font-size: large;\"><strong>L\u2019analyse strat\u00e9gique, la gestion des crises, les probl\u00e9matiques de s\u00e9curit\u00e9 sont au c\u0153ur du quotidien des entreprises et des \u00c9tats.<\/strong><\/span><\/h2>\n<p style=\"text-align: justify;\">Depuis plus de 20 ans, au fil des responsabilit\u00e9s publiques ou entrepreunariales, nous avons effectu\u00e9 plus de 500 missions sans aucun contentieux. Nos r\u00e9f\u00e9rences et nos publications sont nos meilleurs arguments de pr\u00e9sence et d\u2019efficacit\u00e9 pour l\u2019ex\u00e9cution d\u2019\u00e9tudes, d\u2019audit ou d\u2019op\u00e9rations de conseil et d\u2019assistance sur mesure. Dans le strict respect des r\u00e8gles l\u00e9gales, \u00e9thiques et d\u00e9ontologiques, nous assurons la pr\u00e9vention, la simulation et la gestion de la crise, et intervenons dans tous les domaines li\u00e9s \u00e0 la d\u00e9finition des orientations strat\u00e9giques majeures ou de d\u00e9finitions de politiques de s\u00fbret\u00e9 et de s\u00e9curit\u00e9, en toute ind\u00e9pendance.<\/p>\n","protected":false},"excerpt":{"rendered":"<p>Strat\u00e9gie \u2022 S\u00e9curit\u00e9 \u2022 Gestion de crise L\u2019analyse strat\u00e9gique, la gestion des crises, les probl\u00e9matiques de s\u00e9curit\u00e9 sont au c\u0153ur du quotidien des entreprises et des \u00c9tats. Depuis plus de 20 ans, au fil des responsabilit\u00e9s publiques ou entrepreunariales, nous avons effectu\u00e9 plus de 500 missions sans aucun contentieux. Nos r\u00e9f\u00e9rences et nos publications sont [&hellip;]<\/p>\n","protected":false},"author":1,"featured_media":0,"parent":0,"menu_order":0,"comment_status":"open","ping_status":"open","template":"","meta":{"footnotes":""},"class_list":["post-22706","page","type-page","status-publish","hentry"],"aioseo_notices":[],"_links":{"self":[{"href":"https:\/\/alainbauerconseil.com\/ar\/wp-json\/wp\/v2\/pages\/22706","targetHints":{"allow":["GET"]}}],"collection":[{"href":"https:\/\/alainbauerconseil.com\/ar\/wp-json\/wp\/v2\/pages"}],"about":[{"href":"https:\/\/alainbauerconseil.com\/ar\/wp-json\/wp\/v2\/types\/page"}],"author":[{"embeddable":true,"href":"https:\/\/alainbauerconseil.com\/ar\/wp-json\/wp\/v2\/users\/1"}],"replies":[{"embeddable":true,"href":"https:\/\/alainbauerconseil.com\/ar\/wp-json\/wp\/v2\/comments?post=22706"}],"version-history":[{"count":14,"href":"https:\/\/alainbauerconseil.com\/ar\/wp-json\/wp\/v2\/pages\/22706\/revisions"}],"predecessor-version":[{"id":29039,"href":"https:\/\/alainbauerconseil.com\/ar\/wp-json\/wp\/v2\/pages\/22706\/revisions\/29039"}],"wp:attachment":[{"href":"https:\/\/alainbauerconseil.com\/ar\/wp-json\/wp\/v2\/media?parent=22706"}],"curies":[{"name":"wp","href":"https:\/\/api.w.org\/{rel}","templated":true}]}}